{"id":1028,"date":"2019-08-25T23:48:43","date_gmt":"2019-08-25T21:48:43","guid":{"rendered":"https:\/\/theatre-lille.com\/?page_id=1028"},"modified":"2025-07-02T16:24:12","modified_gmt":"2025-07-02T14:24:12","slug":"comment-sinscrire","status":"publish","type":"page","link":"https:\/\/theatre-lille.com\/index.php\/comment-sinscrire\/","title":{"rendered":"<font size=\"6\">Comment s&#8217;inscrire ?<\/font>"},"content":{"rendered":"<p>Je souhaite m&#8217;inscrire \u00e0 un Cours de th\u00e9\u00e2tre The V-, comment dois-je proc\u00e9der ?<br><\/p><h4 class=\"wp-block-heading\">1) Conditions<\/h4><p>V\u00e9rifier que vous remplissez les pr\u00e9requis pour le cours qui vous int\u00e9resse :<\/p><ul class=\"wp-block-list\"><li>Requis pour <em>Techniques de la sc\u00e8ne<\/em> : exp\u00e9rience significative du th\u00e9\u00e2tre hors coll\u00e8ge-lyc\u00e9e.<\/li>\n\n<li>Requis pour <em>Th\u00e9\u00e2tre pour la confiance en soi<\/em> : disponibilit\u00e9 imp\u00e9rative le week-end du 24 mai 2026.<\/li>\n\n<li>Requis pour <em>Perfectionnement de l\u2019anglais par le th\u00e9\u00e2tre<\/em> : niveau B1 minimum en anglais.<\/li><\/ul><p>Prendre connaissance des <a href=\"https:\/\/theatre-lille.com\/index.php\/ma-philosophie\/\"><u>grands principes<\/u><\/a> qui r\u00e9gissent les Cours de th\u00e9\u00e2tre The V-. Ils existent pour pr\u00e9server le bon fonctionnement des enseignements et du spectacle. Si vous n&#8217;y adh\u00e9rez pas ou savez que vous allez y d\u00e9roger, alors il est pr\u00e9f\u00e9rable de ne pas passer aux \u00e9tapes suivantes. \ud83d\ude09 <\/p><h4 class=\"wp-block-heading\"><br>2) Formulaire<\/h4><p>Remplir ce formulaire d&#8217;inscription (<strong>m\u00eame si vous l&#8217;avez d\u00e9j\u00e0 fait les ann\u00e9es pr\u00e9c\u00e9dentes<\/strong>).<\/p><div class=\"wp-block-button aligncenter\"><a class=\"wp-block-button__link\" href=\"https:\/\/theatre-lille.com\/index.php\/inscription\/\" target=\"_blank\" rel=\"noopener\"><u>Remplir le formulaire en ligne<\/u><\/a><\/div><h4 class=\"wp-block-heading\"><br>3) Paiement de la s\u00e9ance d&#8217;essai \/ audition<\/h4><p>R\u00e9gler le montant (<strong>pour la s\u00e9ance d&#8217;essai \/ audition<\/strong> dans un premier temps \u2013 rappel des conditions pour une s\u00e9ance d&#8217;essai \/ audition <a href=\"https:\/\/theatre-lille.com\/index.php\/seance-dessai\/\" data-type=\"page\" data-id=\"1211\"><u>sur cette page<\/u><\/a>).<\/p><p>Vous pouvez trouver tous les tarifs <a href=\"https:\/\/theatre-lille.com\/index.php\/tarifs\/\"><u>sur cette page<\/u><\/a>.<\/p><h4 class=\"wp-block-heading\"><br>4) Paiement d\u00e9finitive \u00e0 l&#8217;ann\u00e9e<\/h4><p>En cas de confirmation apr\u00e8s la s\u00e9ance d&#8217;essai \/ audition, r\u00e9gler le montant de l&#8217;inscription d\u00e9finitive \u00e0 l&#8217;ann\u00e9e.<\/p><p>Vous pouvez trouver tous les tarifs <a href=\"https:\/\/theatre-lille.com\/index.php\/tarifs\/\"><u>sur cette page<\/u><\/a>.<\/p><h2 class=\"wp-block-heading\"><br>Comment payer ?<\/h2><p>Le paiement peut \u00eatre effectu\u00e9 au choix :<\/p><ul class=\"wp-block-list\"><li>par <strong>carte bancaire<\/strong> \u2014 trouvez le cours correspondant sur <a href=\"https:\/\/theatre-lille.com\/index.php\/boutique\/\">la page boutique<\/a> ;<\/li>\n\n<li>par <strong>ch\u00e8que <\/strong>\u2014 demandez l&#8217;ordre du ch\u00e8que et l&#8217;adresse postale ;<\/li>\n\n<li>par <strong>virement bancaire<\/strong> \u2014 demandez le RIB ;<\/li>\n\n<li>en <strong>liquide <\/strong>\u2014 demandez un rendez-vous ;<\/li>\n\n<li>par <strong>Lydia \/ PayLib \/ W\u00e9ro<\/strong> \u2014 demandez le num\u00e9ro de t\u00e9l\u00e9phone.<\/li><\/ul><p>NB1 : Quels que soient le mode de r\u00e8glement et le forfait choisis, ce qui est conclu lors de l\u2019inscription est d\u00fb.<br>NB2 : Attention ! les cours ne peuvent pas \u00eatre rembours\u00e9s.<\/p>","protected":false},"excerpt":{"rendered":"<p>Je souhaite m&#8217;inscrire \u00e0 un Cours de th\u00e9\u00e2tre The V-, comment dois-je proc\u00e9der ? 1) Conditions V\u00e9rifier que vous remplissez les pr\u00e9requis pour le cours qui vous int\u00e9resse : Prendre <a href=\"https:\/\/theatre-lille.com\/index.php\/comment-sinscrire\/\" class=\"read-more button-fancy -red\"><span class=\"btn-arrow\"><\/span><span class=\"twp-read-more text\">Je veux lire la suite !<\/span><\/a><\/p>\n","protected":false},"author":1,"featured_media":0,"parent":0,"menu_order":0,"comment_status":"closed","ping_status":"closed","template":"","meta":{"footnotes":""},"class_list":["post-1028","page","type-page","status-publish","hentry"],"jetpack_sharing_enabled":true,"_links":{"self":[{"href":"https:\/\/theatre-lille.com\/index.php\/wp-json\/wp\/v2\/pages\/1028"}],"collection":[{"href":"https:\/\/theatre-lille.com\/index.php\/wp-json\/wp\/v2\/pages"}],"about":[{"href":"https:\/\/theatre-lille.com\/index.php\/wp-json\/wp\/v2\/types\/page"}],"author":[{"embeddable":true,"href":"https:\/\/theatre-lille.com\/index.php\/wp-json\/wp\/v2\/users\/1"}],"replies":[{"embeddable":true,"href":"https:\/\/theatre-lille.com\/index.php\/wp-json\/wp\/v2\/comments?post=1028"}],"version-history":[{"count":29,"href":"https:\/\/theatre-lille.com\/index.php\/wp-json\/wp\/v2\/pages\/1028\/revisions"}],"predecessor-version":[{"id":3416,"href":"https:\/\/theatre-lille.com\/index.php\/wp-json\/wp\/v2\/pages\/1028\/revisions\/3416"}],"wp:attachment":[{"href":"https:\/\/theatre-lille.com\/index.php\/wp-json\/wp\/v2\/media?parent=1028"}],"curies":[{"name":"wp","href":"https:\/\/api.w.org\/{rel}","templated":true}]}}