{"id":2809,"date":"2024-06-25T13:41:02","date_gmt":"2024-06-25T11:41:02","guid":{"rendered":"https:\/\/theatre-lille.com\/?page_id=2809"},"modified":"2025-09-25T12:59:46","modified_gmt":"2025-09-25T10:59:46","slug":"calendrier","status":"publish","type":"page","link":"https:\/\/theatre-lille.com\/index.php\/calendrier\/","title":{"rendered":"Calendrier 2025-2026"},"content":{"rendered":"<p>Voici le calendrier complet et d\u00e9taill\u00e9 des Cours de th\u00e9\u00e2tre The V- pour toute l&rsquo;ann\u00e9e 2025-2026. \u00c0 conserver pr\u00e9cieusement !<\/p><div class=\"wp-block-columns is-layout-flex wp-container-core-columns-is-layout-1 wp-block-columns-is-layout-flex\"><div class=\"wp-block-column is-layout-flow wp-block-column-is-layout-flow\"><div class=\"wp-block-button\"><center><a class=\"wp-block-button__link\" href=\"https:\/\/theatre-lille.com\/wp-content\/uploads\/2025\/08\/Calendrier-Cours-The-V-2025-2026-Confiance-lundi.pdf\" target=\"_blank\" rel=\"noopener\"><span class=\"glyphicon glyphicon-download-alt\"><\/span>&nbsp;&nbsp;CALENDRIER&nbsp;&nbsp;<span class=\"glyphicon glyphicon-calendar\"><\/span><br>Th\u00e9\u00e2tre \u2013 confiance en&nbsp;soi<\/a><\/center><\/div><\/div>\n\n<div class=\"wp-block-column is-layout-flow wp-block-column-is-layout-flow\"><div class=\"wp-block-button\"><center><a class=\"wp-block-button__link\" href=\"https:\/\/theatre-lille.com\/wp-content\/uploads\/2025\/09\/Calendrier-Cours-The-V-2025-2026-Techniques-samedi.pdf\" target=\"_blank\" rel=\"noopener\"><span class=\"glyphicon glyphicon-download-alt\"><\/span>&nbsp;&nbsp;CALENDRIER&nbsp;&nbsp;<span class=\"glyphicon glyphicon-calendar\"><\/span><br>Techniques de&nbsp;la&nbsp;sc\u00e8ne<\/a><\/center><\/div><\/div>\n\n<div class=\"wp-block-column is-layout-flow wp-block-column-is-layout-flow\"><div class=\"wp-block-button\"><center><a class=\"wp-block-button__link\" href=\"https:\/\/theatre-lille.com\/wp-content\/uploads\/2025\/09\/Calendrier-Cours-The-V-2025-2026-Perf-de-langlais-samedi.pdf\" target=\"_blank\" rel=\"noopener\"><span class=\"glyphicon glyphicon-download-alt\"><\/span>&nbsp;&nbsp;CALENDRIER&nbsp;&nbsp;<span class=\"glyphicon glyphicon-calendar\"><\/span><br>Th\u00e9\u00e2tre en anglais<\/a><\/center><\/div><\/div><\/div><p><center>____________<\/center><\/p><p>Voici les dates des s\u00e9ances d&rsquo;essai et auditions collectives (plus d&rsquo;infos sur le principe <a href=\"https:\/\/theatre-lille.com\/index.php\/seance-dessai\/\"><u>sur cette page<\/u><\/a>) :<\/p><table class=\"wp-block-table is-style-regular\"><tbody>\n\n<tr><td style=\"border: none; text-align: center;\"><a href=\"https:\/\/theatre-lille.com\/index.php\/descriptif-des-cours\/#confiance\"><span class=\"glyphicon glyphicon-thumbs-up\"><\/span><\/a><\/td><td><strong>Th\u00e9\u00e2tre pour la confiance en soi #1<\/strong><br>\u00e0 la salle Marie Curie de Mons-en-Bar\u0153ul<\/td><td><strong>S\u00e9ance d&rsquo;essai :<\/strong><br>Lundi 8 septembre 2025<br>de 19h \u00e0 20h30<\/td><td class=\"has-small-font-size\"><a href=\"https:\/\/theatre-lille.com\/index.php\/inscription\/\">Je m&rsquo;inscris !<\/a><\/td><\/tr>\n\n<tr><td style=\"border: none; text-align: center;\"><a href=\"https:\/\/theatre-lille.com\/index.php\/descriptif-des-cours\/#confiance\"><span class=\"glyphicon glyphicon-thumbs-up\"><\/span><\/a><\/td><td><strong>Th\u00e9\u00e2tre pour la confiance en soi #2<\/strong><br>\u00e0 la salle Marie Curie de Mons-en-Bar\u0153ul<\/td><td><strong>S\u00e9ance d&rsquo;essai :<\/strong><br>Lundi 8 septembre 2025<br>de 20h30 \u00e0 22h<\/td><td class=\"has-small-font-size\"><a href=\"https:\/\/theatre-lille.com\/index.php\/inscription\/\">Je m&rsquo;inscris !<\/a><\/td><\/tr>\n\n<tr><td style=\"border: none; text-align: center;\"><a href=\"https:\/\/theatre-lille.com\/index.php\/descriptif-des-cours\/#anglais\"><span class=\"glyphicon glyphicon-flag\"><\/span><\/a><\/td><td><strong>Perfectionnement de l&rsquo;anglais par le th\u00e9\u00e2tre<\/strong><br>au Spotlight de Lille<\/td><td><strong>S\u00e9ance d&rsquo;essai \/ audition :<\/strong><br>samedi 13 septembre 2025<br>de 10h \u00e0 12h30<\/td><td class=\"has-small-font-size\"><a href=\"https:\/\/theatre-lille.com\/index.php\/inscription\/\">Je m&rsquo;inscris !<\/a><\/td><\/tr>\n\n<tr><td style=\"border: none; text-align: center;\"><a href=\"https:\/\/theatre-lille.com\/index.php\/descriptif-des-cours\/#techniques\"><span class=\"glyphicon glyphicon-cog\"><\/span><\/a><\/td><td><strong>Techniques de la sc\u00e8ne<\/strong><br>au Spotlight de Lille<\/td><td><strong>S\u00e9ance d&rsquo;essai \/ audition :<\/strong><br>samedi 20 septembre 2025<br>de 10h \u00e0 12h30<\/td><td class=\"has-small-font-size\"><a href=\"https:\/\/theatre-lille.com\/index.php\/inscription\/\">Je m&rsquo;inscris !<\/a><\/td><\/tr><\/tbody><\/table>","protected":false},"excerpt":{"rendered":"<p>Voici le calendrier complet et d\u00e9taill\u00e9 des Cours de th\u00e9\u00e2tre The V- pour toute l&rsquo;ann\u00e9e 2025-2026. \u00c0 conserver pr\u00e9cieusement ! &nbsp;&nbsp;CALENDRIER&nbsp;&nbsp;Th\u00e9\u00e2tre \u2013 confiance en&nbsp;soi &nbsp;&nbsp;CALENDRIER&nbsp;&nbsp;Techniques de&nbsp;la&nbsp;sc\u00e8ne &nbsp;&nbsp;CALENDRIER&nbsp;&nbsp;Th\u00e9\u00e2tre en anglais ____________ <a href=\"https:\/\/theatre-lille.com\/index.php\/calendrier\/\" class=\"read-more button-fancy -red\"><span class=\"btn-arrow\"><\/span><span class=\"twp-read-more text\">Je veux lire la suite !<\/span><\/a><\/p>\n","protected":false},"author":1,"featured_media":0,"parent":0,"menu_order":0,"comment_status":"closed","ping_status":"closed","template":"","meta":{"footnotes":""},"class_list":["post-2809","page","type-page","status-publish","hentry"],"jetpack_sharing_enabled":true,"_links":{"self":[{"href":"https:\/\/theatre-lille.com\/index.php\/wp-json\/wp\/v2\/pages\/2809"}],"collection":[{"href":"https:\/\/theatre-lille.com\/index.php\/wp-json\/wp\/v2\/pages"}],"about":[{"href":"https:\/\/theatre-lille.com\/index.php\/wp-json\/wp\/v2\/types\/page"}],"author":[{"embeddable":true,"href":"https:\/\/theatre-lille.com\/index.php\/wp-json\/wp\/v2\/users\/1"}],"replies":[{"embeddable":true,"href":"https:\/\/theatre-lille.com\/index.php\/wp-json\/wp\/v2\/comments?post=2809"}],"version-history":[{"count":9,"href":"https:\/\/theatre-lille.com\/index.php\/wp-json\/wp\/v2\/pages\/2809\/revisions"}],"predecessor-version":[{"id":3577,"href":"https:\/\/theatre-lille.com\/index.php\/wp-json\/wp\/v2\/pages\/2809\/revisions\/3577"}],"wp:attachment":[{"href":"https:\/\/theatre-lille.com\/index.php\/wp-json\/wp\/v2\/media?parent=2809"}],"curies":[{"name":"wp","href":"https:\/\/api.w.org\/{rel}","templated":true}]}}