{"id":7,"date":"2019-04-03T15:18:42","date_gmt":"2019-04-03T13:18:42","guid":{"rendered":"http:\/\/theatre-lille.com\/?page_id=7"},"modified":"2025-09-11T14:56:26","modified_gmt":"2025-09-11T12:56:26","slug":"les-lieux","status":"publish","type":"page","link":"https:\/\/theatre-lille.com\/index.php\/les-lieux\/","title":{"rendered":"<font size=\"6\">Les lieux des cours<\/font>"},"content":{"rendered":"<h3 class=\"wp-block-heading\">Confort, convivialit\u00e9 et accessibilit\u00e9 : de <strong>super lieux<\/strong> pour suivre des cours de th\u00e9\u00e2tre \u00e0 Lille (et alentours) dans <strong>de bonnes conditions<\/strong> !<\/h3><figure class=\"wp-block-image aligncenter size-full\"><img loading=\"lazy\" decoding=\"async\" width=\"1024\" height=\"427\" src=\"https:\/\/theatre-lille.com\/wp-content\/uploads\/2025\/09\/Lieux-Spotlight-Marie-Curie-1024x427-1.png\" alt=\"\" class=\"wp-image-3501\" srcset=\"https:\/\/theatre-lille.com\/wp-content\/uploads\/2025\/09\/Lieux-Spotlight-Marie-Curie-1024x427-1.png 1024w, https:\/\/theatre-lille.com\/wp-content\/uploads\/2025\/09\/Lieux-Spotlight-Marie-Curie-1024x427-1-300x125.png 300w, https:\/\/theatre-lille.com\/wp-content\/uploads\/2025\/09\/Lieux-Spotlight-Marie-Curie-1024x427-1-768x320.png 768w, https:\/\/theatre-lille.com\/wp-content\/uploads\/2025\/09\/Lieux-Spotlight-Marie-Curie-1024x427-1-600x250.png 600w\" sizes=\"(max-width: 1024px) 100vw, 1024px\" \/><\/figure><p>Les Cours de th\u00e9\u00e2tre The V- seront tr\u00e8s heureux de vous accueillir au <a rel=\"noreferrer noopener\" href=\"https:\/\/www.spotlight-lille.com\" target=\"_blank\"><u>Spotlight de Lille<\/u><\/a> (la sc\u00e8ne incontournable en plein centre de Lille) et \u00e0 la salle Marie Curie de <a href=\"http:\/\/www.monsenbaroeul.fr\"><u>Mons-en-Bar\u0153ul<\/u><\/a> (la grande salle \u00e9v\u00e8nementielle avec parking). Ces deux salles disposent d&rsquo;atouts majeurs : elles ont une sc\u00e8ne pour s&rsquo;exercer et il s&rsquo;agit des lieux de la repr\u00e9sentation finale : <\/p><table style=\"border: none;\" class=\"wp-block-table\"><tbody><tr><td style=\"border: none;\"><center><b>Le Spotlight<\/b><br>100 rue L\u00e9on Gambetta, Lille<\/center><\/td><td style=\"border: none;\"><center><b>La salle Marie Curie<\/b><br>4 rue Pierre Curie, Mons-en-Bar\u0153ul<\/center><\/td><\/tr><tr><td style=\"border: none;\"><center><iframe loading=\"lazy\" src=\"https:\/\/www.google.com\/maps\/embed?pb=!1m18!1m12!1m3!1d2530.818243778368!2d3.0546505157379134!3d50.63049317950068!2m3!1f0!2f0!3f0!3m2!1i1024!2i768!4f13.1!3m3!1m2!1s0x47c2d58499ce5421%3A0x8f15bbcc284bd7fe!2sLe+Spotlight!5e0!3m2!1sen!2sfr!4v1559778384132!5m2!1sen!2sfr\" style=\"border:0\" allowfullscreen=\"\" width=\"600\" height=\"380\" frameborder=\"0\"><\/iframe><\/center><\/td><td style=\"border: none;\"><center><iframe loading=\"lazy\" src=\"https:\/\/www.google.com\/maps\/embed?pb=!1m18!1m12!1m3!1d2530.4720324741584!2d3.1068895764978497!3d50.636924071628364!2m3!1f0!2f0!3f0!3m2!1i1024!2i768!4f13.1!3m3!1m2!1s0x47c2d602a1821ec3%3A0x513d995a99b36859!2sSalle%20Marie%20Curie!5e0!3m2!1sen!2sfr!4v1719327610059!5m2!1sen!2sfr\" style=\"border:0\" allowfullscreen=\"\" width=\"600\" height=\"380\" frameborder=\"0\"><\/iframe><\/center><\/td><\/tr><\/tbody><\/table><p><\/p>","protected":false},"excerpt":{"rendered":"<p>Confort, convivialit\u00e9 et accessibilit\u00e9 : de super lieux pour suivre des cours de th\u00e9\u00e2tre \u00e0 Lille (et alentours) dans de bonnes conditions ! Les Cours de th\u00e9\u00e2tre The V- seront tr\u00e8s heureux de vous accueillir au Spotlight de Lille (la sc\u00e8ne incontournable en plein centre de Lille) et \u00e0 la salle Marie Curie de Mons-en-Bar\u0153ul [&hellip;]<\/p>\n","protected":false},"author":1,"featured_media":0,"parent":0,"menu_order":0,"comment_status":"closed","ping_status":"closed","template":"","meta":{"footnotes":""},"class_list":["post-7","page","type-page","status-publish","hentry"],"jetpack_sharing_enabled":true,"_links":{"self":[{"href":"https:\/\/theatre-lille.com\/index.php\/wp-json\/wp\/v2\/pages\/7"}],"collection":[{"href":"https:\/\/theatre-lille.com\/index.php\/wp-json\/wp\/v2\/pages"}],"about":[{"href":"https:\/\/theatre-lille.com\/index.php\/wp-json\/wp\/v2\/types\/page"}],"author":[{"embeddable":true,"href":"https:\/\/theatre-lille.com\/index.php\/wp-json\/wp\/v2\/users\/1"}],"replies":[{"embeddable":true,"href":"https:\/\/theatre-lille.com\/index.php\/wp-json\/wp\/v2\/comments?post=7"}],"version-history":[{"count":41,"href":"https:\/\/theatre-lille.com\/index.php\/wp-json\/wp\/v2\/pages\/7\/revisions"}],"predecessor-version":[{"id":3502,"href":"https:\/\/theatre-lille.com\/index.php\/wp-json\/wp\/v2\/pages\/7\/revisions\/3502"}],"wp:attachment":[{"href":"https:\/\/theatre-lille.com\/index.php\/wp-json\/wp\/v2\/media?parent=7"}],"curies":[{"name":"wp","href":"https:\/\/api.w.org\/{rel}","templated":true}]}}