{"id":3504,"date":"2025-09-12T17:38:17","date_gmt":"2025-09-12T15:38:17","guid":{"rendered":"https:\/\/theatre-lille.com\/?post_type=product&#038;p=3504"},"modified":"2025-09-14T17:44:49","modified_gmt":"2025-09-14T15:44:49","slug":"lundi-de-19h-a-20h30-theatre-pour-la-confiance-en-soi-1-2025-2026-annee-complete-2","status":"publish","type":"product","link":"https:\/\/theatre-lille.com\/index.php\/produit\/lundi-de-19h-a-20h30-theatre-pour-la-confiance-en-soi-1-2025-2026-annee-complete-2\/","title":{"rendered":"Lundi de 19h \u00e0 20h30 : Th\u00e9\u00e2tre pour la confiance en soi #1 (2025-2026) ANN\u00c9E COMPL\u00c8TE"},"content":{"rendered":"","protected":true},"excerpt":{"rendered":"","protected":true},"featured_media":1401,"comment_status":"closed","ping_status":"closed","template":"","meta":{"wds_primary_product_brand":0,"wds_primary_product_cat":0},"product_brand":[],"product_cat":[28,20,35,34],"product_tag":[],"class_list":{"0":"post-3504","1":"product","2":"type-product","3":"status-publish","4":"post-password-required","6":"product_cat-confiance-en-soi","7":"product_cat-cours","8":"product_cat-debutants-acceptes","9":"product_cat-salle-marie-curie","11":"first","12":"outofstock","13":"sold-individually","14":"shipping-taxable","15":"purchasable","16":"product-type-variable"},"jetpack_sharing_enabled":true,"_links":{"self":[{"href":"https:\/\/theatre-lille.com\/index.php\/wp-json\/wp\/v2\/product\/3504","targetHints":{"allow":["GET"]}}],"collection":[{"href":"https:\/\/theatre-lille.com\/index.php\/wp-json\/wp\/v2\/product"}],"about":[{"href":"https:\/\/theatre-lille.com\/index.php\/wp-json\/wp\/v2\/types\/product"}],"replies":[{"embeddable":true,"href":"https:\/\/theatre-lille.com\/index.php\/wp-json\/wp\/v2\/comments?post=3504"}],"wp:featuredmedia":[{"embeddable":true,"href":"https:\/\/theatre-lille.com\/index.php\/wp-json\/wp\/v2\/media\/1401"}],"wp:attachment":[{"href":"https:\/\/theatre-lille.com\/index.php\/wp-json\/wp\/v2\/media?parent=3504"}],"wp:term":[{"taxonomy":"product_brand","embeddable":true,"href":"https:\/\/theatre-lille.com\/index.php\/wp-json\/wp\/v2\/product_brand?post=3504"},{"taxonomy":"product_cat","embeddable":true,"href":"https:\/\/theatre-lille.com\/index.php\/wp-json\/wp\/v2\/product_cat?post=3504"},{"taxonomy":"product_tag","embeddable":true,"href":"https:\/\/theatre-lille.com\/index.php\/wp-json\/wp\/v2\/product_tag?post=3504"}],"curies":[{"name":"wp","href":"https:\/\/api.w.org\/{rel}","templated":true}]}}