{"id":3508,"date":"2025-09-14T10:18:31","date_gmt":"2025-09-14T08:18:31","guid":{"rendered":"https:\/\/theatre-lille.com\/?post_type=product&#038;p=3508"},"modified":"2025-12-01T13:49:57","modified_gmt":"2025-12-01T12:49:57","slug":"cotisation-a-lassociation-ciel-mons-mari","status":"publish","type":"product","link":"https:\/\/theatre-lille.com\/index.php\/produit\/cotisation-a-lassociation-ciel-mons-mari\/","title":{"rendered":"Cotisation \u00e0 l&rsquo;association Ciel Mons Mari"},"content":{"rendered":"<p>Toute inscription en cours de Th\u00e9\u00e2tre pour la confiance en soi les lundis soirs implique une cotisation obligatoire \u00e0 l&rsquo;association Ciel Mons Mari. Celle-ci est valide pour l&rsquo;ann\u00e9e acad\u00e9mique.<\/p>\n","protected":false},"excerpt":{"rendered":"<p>Toute inscription en cours de Th\u00e9\u00e2tre pour la confiance en soi les lundis soirs implique une cotisation obligatoire \u00e0 l&rsquo;association Ciel Mons Mari. Celle-ci est valide pour l&rsquo;ann\u00e9e acad\u00e9mique.<\/p>\n","protected":false},"featured_media":2442,"comment_status":"closed","ping_status":"closed","template":"","meta":{"wds_primary_product_brand":0,"wds_primary_product_cat":0},"product_brand":[],"product_cat":[18],"product_tag":[],"class_list":{"0":"post-3508","1":"product","2":"type-product","3":"status-publish","4":"has-post-thumbnail","6":"product_cat-non-classe","8":"first","9":"outofstock","10":"shipping-taxable","11":"purchasable","12":"product-type-simple"},"jetpack_sharing_enabled":true,"_links":{"self":[{"href":"https:\/\/theatre-lille.com\/index.php\/wp-json\/wp\/v2\/product\/3508","targetHints":{"allow":["GET"]}}],"collection":[{"href":"https:\/\/theatre-lille.com\/index.php\/wp-json\/wp\/v2\/product"}],"about":[{"href":"https:\/\/theatre-lille.com\/index.php\/wp-json\/wp\/v2\/types\/product"}],"replies":[{"embeddable":true,"href":"https:\/\/theatre-lille.com\/index.php\/wp-json\/wp\/v2\/comments?post=3508"}],"wp:featuredmedia":[{"embeddable":true,"href":"https:\/\/theatre-lille.com\/index.php\/wp-json\/wp\/v2\/media\/2442"}],"wp:attachment":[{"href":"https:\/\/theatre-lille.com\/index.php\/wp-json\/wp\/v2\/media?parent=3508"}],"wp:term":[{"taxonomy":"product_brand","embeddable":true,"href":"https:\/\/theatre-lille.com\/index.php\/wp-json\/wp\/v2\/product_brand?post=3508"},{"taxonomy":"product_cat","embeddable":true,"href":"https:\/\/theatre-lille.com\/index.php\/wp-json\/wp\/v2\/product_cat?post=3508"},{"taxonomy":"product_tag","embeddable":true,"href":"https:\/\/theatre-lille.com\/index.php\/wp-json\/wp\/v2\/product_tag?post=3508"}],"curies":[{"name":"wp","href":"https:\/\/api.w.org\/{rel}","templated":true}]}}