{"id":3509,"date":"2025-09-14T10:23:25","date_gmt":"2025-09-14T08:23:25","guid":{"rendered":"https:\/\/theatre-lille.com\/?post_type=product&#038;p=3509"},"modified":"2025-12-01T13:49:26","modified_gmt":"2025-12-01T12:49:26","slug":"lundi-de-20h30-a-22h-theatre-pour-la-confiance-en-soi-2-2025-2026-annee-complete-2","status":"publish","type":"product","link":"https:\/\/theatre-lille.com\/index.php\/produit\/lundi-de-20h30-a-22h-theatre-pour-la-confiance-en-soi-2-2025-2026-annee-complete-2\/","title":{"rendered":"Lundi de 20h30 \u00e0 22h : Th\u00e9\u00e2tre pour la confiance en soi #2 (2025-2026) ANN\u00c9E COMPL\u00c8TE + COTISATION"},"content":{"rendered":"<h4><em>La confiance en soi \u00e0 port\u00e9e de mains tout en s&rsquo;amusant !<\/em><\/h4>\n<p>Ce cours de <strong>Th\u00e9\u00e2tre pour la confiance en soi <\/strong>aura lieu les <strong>lundis <\/strong>hors vacances scolaires (voir <a href=\"https:\/\/theatre-lille.com\/index.php\/calendrier\/\"><u>calendrier<\/u><\/a>), de <strong>20h30 \u00e0 22h<\/strong>, \u00e0 la<strong> Salle Marie Curie de Mons-en-Bar\u0153ul<\/strong> (4 rue Pierre Curie, Mons-en-Bar\u0153ul).<\/p>\n<p>Consultez <a href=\"https:\/\/theatre-lille.com\/index.php\/descriptif-des-cours\/#confiance\"><u>ici<\/u><\/a> le descriptif d\u00e9taill\u00e9 du cours et <a href=\"https:\/\/theatre-lille.com\/index.php\/ma-philosophie\/\"><u>ici<\/u><\/a> grands principes qui visent \u00e0 pr\u00e9server le bon fonctionnement des enseignements et du spectacle.<\/p>\n<p>NB1 : Les tarifs sont diff\u00e9rents pour les personnes habitant \u00e0 Mons-en-Bar\u0153ul ; si tel est votre cas, il est obligatoire de <strong>joindre un justificatif de domicile<\/strong> \u00e0 votre fiche d&rsquo;inscription.<\/p>\n<p>NB2 : Le tarif inclut les 5\u20ac de cotisation annuelle \u00e0 l&rsquo;association <em>Ciel Mons Mari<\/em>.<\/p>\n<p>NB3 : Si vous ne l&rsquo;avez pas encore fait, n&rsquo;oubliez pas de remplir <a href=\"https:\/\/theatre-lille.com\/index.php\/inscription\/\" target=\"_blank\" rel=\"noopener\"><u>le formulaire d&rsquo;inscription<\/u><\/a>.<\/p>\n<p>NB4 : Rappel : pr\u00e9sence imp\u00e9rative le week-end du 24 mai 2026.<\/p>\n<p>&nbsp;<\/p>\n<p><em><strong>Et si le th\u00e9\u00e2tre \u00e9tait plus que du spectacle ?<\/strong><\/em><\/p>\n","protected":false},"excerpt":{"rendered":"<h4><em>La confiance en soi \u00e0 port\u00e9e de mains tout en s&rsquo;amusant !<\/em><\/h4>\n<p>Ce cours de <strong>Th\u00e9\u00e2tre pour la confiance en soi <\/strong>aura lieu les <strong>lundis <\/strong>hors vacances scolaires (voir <a href=\"https:\/\/theatre-lille.com\/index.php\/calendrier\/\"><u>calendrier<\/u><\/a>), de <strong>20h30 \u00e0 22h<\/strong>, \u00e0 la<strong> Salle Marie Curie de Mons-en-Bar\u0153ul<\/strong> (4 rue Pierre Curie, Mons-en-Bar\u0153ul).<\/p>\n<p>Consultez <a href=\"https:\/\/theatre-lille.com\/index.php\/descriptif-des-cours\/#confiance\"><u>ici<\/u><\/a> le descriptif d\u00e9taill\u00e9 du cours et <a href=\"https:\/\/theatre-lille.com\/index.php\/ma-philosophie\/\"><u>ici<\/u><\/a> grands principes qui visent \u00e0 pr\u00e9server le bon fonctionnement des enseignements et du spectacle.<\/p>\n<p>NB1 : Les tarifs sont diff\u00e9rents pour les personnes habitant \u00e0 Mons-en-Bar\u0153ul ; si tel est votre cas, il est obligatoire de <strong>joindre un justificatif de domicile<\/strong> \u00e0 votre fiche d&rsquo;inscription.<\/p>\n<p>NB2 : Le tarif inclut les 5\u20ac de cotisation annuelle \u00e0 l&rsquo;association <em>Ciel Mons Mari<\/em>.<\/p>\n<p>NB3 : Si vous ne l&rsquo;avez pas encore fait, n&rsquo;oubliez pas de remplir <a href=\"https:\/\/theatre-lille.com\/index.php\/inscription\/\" target=\"_blank\" rel=\"noopener\"><u>le formulaire d&rsquo;inscription<\/u><\/a>.<\/p>\n<p>NB4 : Rappel : pr\u00e9sence imp\u00e9rative le week-end du 24 mai 2026.<\/p>\n<p>&nbsp;<\/p>\n<p><em><strong>Et si le th\u00e9\u00e2tre \u00e9tait plus que du spectacle ?<\/strong><\/em><\/p>\n","protected":false},"featured_media":1401,"comment_status":"closed","ping_status":"closed","template":"","meta":{"wds_primary_product_brand":0,"wds_primary_product_cat":0},"product_brand":[],"product_cat":[28,20,35,34],"product_tag":[],"class_list":{"0":"post-3509","1":"product","2":"type-product","3":"status-publish","4":"has-post-thumbnail","6":"product_cat-confiance-en-soi","7":"product_cat-cours","8":"product_cat-debutants-acceptes","9":"product_cat-salle-marie-curie","11":"first","12":"outofstock","13":"sold-individually","14":"shipping-taxable","15":"purchasable","16":"product-type-variable"},"jetpack_sharing_enabled":true,"_links":{"self":[{"href":"https:\/\/theatre-lille.com\/index.php\/wp-json\/wp\/v2\/product\/3509","targetHints":{"allow":["GET"]}}],"collection":[{"href":"https:\/\/theatre-lille.com\/index.php\/wp-json\/wp\/v2\/product"}],"about":[{"href":"https:\/\/theatre-lille.com\/index.php\/wp-json\/wp\/v2\/types\/product"}],"replies":[{"embeddable":true,"href":"https:\/\/theatre-lille.com\/index.php\/wp-json\/wp\/v2\/comments?post=3509"}],"wp:featuredmedia":[{"embeddable":true,"href":"https:\/\/theatre-lille.com\/index.php\/wp-json\/wp\/v2\/media\/1401"}],"wp:attachment":[{"href":"https:\/\/theatre-lille.com\/index.php\/wp-json\/wp\/v2\/media?parent=3509"}],"wp:term":[{"taxonomy":"product_brand","embeddable":true,"href":"https:\/\/theatre-lille.com\/index.php\/wp-json\/wp\/v2\/product_brand?post=3509"},{"taxonomy":"product_cat","embeddable":true,"href":"https:\/\/theatre-lille.com\/index.php\/wp-json\/wp\/v2\/product_cat?post=3509"},{"taxonomy":"product_tag","embeddable":true,"href":"https:\/\/theatre-lille.com\/index.php\/wp-json\/wp\/v2\/product_tag?post=3509"}],"curies":[{"name":"wp","href":"https:\/\/api.w.org\/{rel}","templated":true}]}}